{"id":614,"date":"2018-01-20T17:08:39","date_gmt":"2018-01-20T17:08:39","guid":{"rendered":"https:\/\/fleuriste-schiltigheim.fr\/wp\/?post_type=product&#038;p=614"},"modified":"2020-02-02T17:51:16","modified_gmt":"2020-02-02T16:51:16","slug":"tulle-rose","status":"publish","type":"product","link":"https:\/\/fleuriste-schiltigheim.fr\/wp\/produit\/tulle-rose\/","title":{"rendered":"TULLE ROSE"},"content":{"rendered":"<p><strong>Note :<\/strong> Votre arrangement floral, compos\u00e9 de fleurs fra\u00eeches, pourra \u00eatre quelque peu diff\u00e9rent du visuel pr\u00e9sent\u00e9 qui a valeur indicative. Votre composition, cr\u00e9\u00e9e sp\u00e9cialement pour vous par votre boutique une histoire une fleur, est susceptible de varier l\u00e9g\u00e8rement en fonction de la sensibilit\u00e9 artistique du fleuriste mais aussi de la saisonnalit\u00e9 des fleurs qui la composent. L\u2019esprit du bouquet, sa forme, ses couleurs ainsi que ses essences principales seront respect\u00e9s par votre fleuriste qui r\u00e9alisera, \u00e0 votre intention, cette cr\u00e9ation in\u00e9dite \u00e0 votre demande<\/p>\n<p><strong>Le bouquet est vendu sans le vase !<\/strong><\/p>\n","protected":false},"excerpt":{"rendered":"<div class=\"tab-content\">\n<div id=\"tab-description\" class=\"tab-pane\">\n<p>Composition graphique rose, fuchsia et blanche avec des rose, orchid\u00e9e, gerbera et germini.<\/p>\n<p>Contenant non contractuel<\/p>\n<\/div>\n<\/div>\n<p>&nbsp;<\/p>\n","protected":false},"featured_media":627,"comment_status":"open","ping_status":"closed","template":"","meta":[],"product_brand":[],"product_cat":[36],"product_tag":[],"class_list":{"0":"post-614","1":"product","2":"type-product","3":"status-publish","4":"has-post-thumbnail","6":"product_cat-composition","8":"first","9":"instock","10":"featured","11":"taxable","12":"shipping-taxable","13":"purchasable","14":"product-type-variable"},"yoast_head":"<!-- This site is optimized with the Yoast SEO plugin v26.9 - https:\/\/yoast.com\/product\/yoast-seo-wordpress\/ -->\n<title>TULLE ROSE - Une histoire une fleur<\/title>\n<meta name=\"robots\" content=\"index, follow, max-snippet:-1, max-image-preview:large, max-video-preview:-1\" \/>\n<link rel=\"canonical\" href=\"https:\/\/fleuriste-schiltigheim.fr\/wp\/produit\/tulle-rose\/\" \/>\n<meta property=\"og:locale\" content=\"fr_FR\" \/>\n<meta property=\"og:type\" content=\"article\" \/>\n<meta property=\"og:title\" content=\"TULLE ROSE - Une histoire une fleur\" \/>\n<meta property=\"og:description\" content=\"Composition graphique rose, fuchsia et blanche avec des rose, orchid\u00e9e, gerbera et germini.  Contenant non contractuel    &nbsp;\" \/>\n<meta property=\"og:url\" content=\"https:\/\/fleuriste-schiltigheim.fr\/wp\/produit\/tulle-rose\/\" \/>\n<meta property=\"og:site_name\" content=\"Une histoire une fleur\" \/>\n<meta property=\"article:modified_time\" content=\"2020-02-02T16:51:16+00:00\" \/>\n<meta property=\"og:image\" content=\"https:\/\/fleuriste-schiltigheim.fr\/wp\/wp-content\/uploads\/2018\/01\/20180112-_D174544.jpg\" \/>\n\t<meta property=\"og:image:width\" content=\"500\" \/>\n\t<meta property=\"og:image:height\" content=\"500\" \/>\n\t<meta property=\"og:image:type\" content=\"image\/jpeg\" \/>\n<meta name=\"twitter:card\" content=\"summary_large_image\" \/>\n<meta name=\"twitter:label1\" content=\"Dur\u00e9e de lecture estim\u00e9e\" \/>\n\t<meta name=\"twitter:data1\" content=\"1 minute\" \/>\n<script type=\"application\/ld+json\" class=\"yoast-schema-graph\">{\"@context\":\"https:\/\/schema.org\",\"@graph\":[{\"@type\":\"WebPage\",\"@id\":\"https:\/\/fleuriste-schiltigheim.fr\/wp\/produit\/tulle-rose\/\",\"url\":\"https:\/\/fleuriste-schiltigheim.fr\/wp\/produit\/tulle-rose\/\",\"name\":\"TULLE ROSE - Une histoire une fleur\",\"isPartOf\":{\"@id\":\"https:\/\/fleuriste-schiltigheim.fr\/wp\/#website\"},\"primaryImageOfPage\":{\"@id\":\"https:\/\/fleuriste-schiltigheim.fr\/wp\/produit\/tulle-rose\/#primaryimage\"},\"image\":{\"@id\":\"https:\/\/fleuriste-schiltigheim.fr\/wp\/produit\/tulle-rose\/#primaryimage\"},\"thumbnailUrl\":\"https:\/\/fleuriste-schiltigheim.fr\/wp\/wp-content\/uploads\/2018\/01\/20180112-_D174544.jpg\",\"datePublished\":\"2018-01-20T17:08:39+00:00\",\"dateModified\":\"2020-02-02T16:51:16+00:00\",\"breadcrumb\":{\"@id\":\"https:\/\/fleuriste-schiltigheim.fr\/wp\/produit\/tulle-rose\/#breadcrumb\"},\"inLanguage\":\"fr-FR\",\"potentialAction\":[{\"@type\":\"ReadAction\",\"target\":[\"https:\/\/fleuriste-schiltigheim.fr\/wp\/produit\/tulle-rose\/\"]}]},{\"@type\":\"ImageObject\",\"inLanguage\":\"fr-FR\",\"@id\":\"https:\/\/fleuriste-schiltigheim.fr\/wp\/produit\/tulle-rose\/#primaryimage\",\"url\":\"https:\/\/fleuriste-schiltigheim.fr\/wp\/wp-content\/uploads\/2018\/01\/20180112-_D174544.jpg\",\"contentUrl\":\"https:\/\/fleuriste-schiltigheim.fr\/wp\/wp-content\/uploads\/2018\/01\/20180112-_D174544.jpg\",\"width\":500,\"height\":500},{\"@type\":\"BreadcrumbList\",\"@id\":\"https:\/\/fleuriste-schiltigheim.fr\/wp\/produit\/tulle-rose\/#breadcrumb\",\"itemListElement\":[{\"@type\":\"ListItem\",\"position\":1,\"name\":\"Accueil\",\"item\":\"https:\/\/fleuriste-schiltigheim.fr\/wp\/\"},{\"@type\":\"ListItem\",\"position\":2,\"name\":\"Boutique\",\"item\":\"https:\/\/fleuriste-schiltigheim.fr\/wp\/boutique\/\"},{\"@type\":\"ListItem\",\"position\":3,\"name\":\"TULLE ROSE\"}]},{\"@type\":\"WebSite\",\"@id\":\"https:\/\/fleuriste-schiltigheim.fr\/wp\/#website\",\"url\":\"https:\/\/fleuriste-schiltigheim.fr\/wp\/\",\"name\":\"Une histoire une fleur\",\"description\":\"\",\"potentialAction\":[{\"@type\":\"SearchAction\",\"target\":{\"@type\":\"EntryPoint\",\"urlTemplate\":\"https:\/\/fleuriste-schiltigheim.fr\/wp\/?s={search_term_string}\"},\"query-input\":{\"@type\":\"PropertyValueSpecification\",\"valueRequired\":true,\"valueName\":\"search_term_string\"}}],\"inLanguage\":\"fr-FR\"}]}<\/script>\n<!-- \/ Yoast SEO plugin. -->","yoast_head_json":{"title":"TULLE ROSE - Une histoire une fleur","robots":{"index":"index","follow":"follow","max-snippet":"max-snippet:-1","max-image-preview":"max-image-preview:large","max-video-preview":"max-video-preview:-1"},"canonical":"https:\/\/fleuriste-schiltigheim.fr\/wp\/produit\/tulle-rose\/","og_locale":"fr_FR","og_type":"article","og_title":"TULLE ROSE - Une histoire une fleur","og_description":"Composition graphique rose, fuchsia et blanche avec des rose, orchid\u00e9e, gerbera et germini.  Contenant non contractuel    &nbsp;","og_url":"https:\/\/fleuriste-schiltigheim.fr\/wp\/produit\/tulle-rose\/","og_site_name":"Une histoire une fleur","article_modified_time":"2020-02-02T16:51:16+00:00","og_image":[{"width":500,"height":500,"url":"https:\/\/fleuriste-schiltigheim.fr\/wp\/wp-content\/uploads\/2018\/01\/20180112-_D174544.jpg","type":"image\/jpeg"}],"twitter_card":"summary_large_image","twitter_misc":{"Dur\u00e9e de lecture estim\u00e9e":"1 minute"},"schema":{"@context":"https:\/\/schema.org","@graph":[{"@type":"WebPage","@id":"https:\/\/fleuriste-schiltigheim.fr\/wp\/produit\/tulle-rose\/","url":"https:\/\/fleuriste-schiltigheim.fr\/wp\/produit\/tulle-rose\/","name":"TULLE ROSE - Une histoire une fleur","isPartOf":{"@id":"https:\/\/fleuriste-schiltigheim.fr\/wp\/#website"},"primaryImageOfPage":{"@id":"https:\/\/fleuriste-schiltigheim.fr\/wp\/produit\/tulle-rose\/#primaryimage"},"image":{"@id":"https:\/\/fleuriste-schiltigheim.fr\/wp\/produit\/tulle-rose\/#primaryimage"},"thumbnailUrl":"https:\/\/fleuriste-schiltigheim.fr\/wp\/wp-content\/uploads\/2018\/01\/20180112-_D174544.jpg","datePublished":"2018-01-20T17:08:39+00:00","dateModified":"2020-02-02T16:51:16+00:00","breadcrumb":{"@id":"https:\/\/fleuriste-schiltigheim.fr\/wp\/produit\/tulle-rose\/#breadcrumb"},"inLanguage":"fr-FR","potentialAction":[{"@type":"ReadAction","target":["https:\/\/fleuriste-schiltigheim.fr\/wp\/produit\/tulle-rose\/"]}]},{"@type":"ImageObject","inLanguage":"fr-FR","@id":"https:\/\/fleuriste-schiltigheim.fr\/wp\/produit\/tulle-rose\/#primaryimage","url":"https:\/\/fleuriste-schiltigheim.fr\/wp\/wp-content\/uploads\/2018\/01\/20180112-_D174544.jpg","contentUrl":"https:\/\/fleuriste-schiltigheim.fr\/wp\/wp-content\/uploads\/2018\/01\/20180112-_D174544.jpg","width":500,"height":500},{"@type":"BreadcrumbList","@id":"https:\/\/fleuriste-schiltigheim.fr\/wp\/produit\/tulle-rose\/#breadcrumb","itemListElement":[{"@type":"ListItem","position":1,"name":"Accueil","item":"https:\/\/fleuriste-schiltigheim.fr\/wp\/"},{"@type":"ListItem","position":2,"name":"Boutique","item":"https:\/\/fleuriste-schiltigheim.fr\/wp\/boutique\/"},{"@type":"ListItem","position":3,"name":"TULLE ROSE"}]},{"@type":"WebSite","@id":"https:\/\/fleuriste-schiltigheim.fr\/wp\/#website","url":"https:\/\/fleuriste-schiltigheim.fr\/wp\/","name":"Une histoire une fleur","description":"","potentialAction":[{"@type":"SearchAction","target":{"@type":"EntryPoint","urlTemplate":"https:\/\/fleuriste-schiltigheim.fr\/wp\/?s={search_term_string}"},"query-input":{"@type":"PropertyValueSpecification","valueRequired":true,"valueName":"search_term_string"}}],"inLanguage":"fr-FR"}]}},"_links":{"self":[{"href":"https:\/\/fleuriste-schiltigheim.fr\/wp\/wp-json\/wp\/v2\/product\/614","targetHints":{"allow":["GET"]}}],"collection":[{"href":"https:\/\/fleuriste-schiltigheim.fr\/wp\/wp-json\/wp\/v2\/product"}],"about":[{"href":"https:\/\/fleuriste-schiltigheim.fr\/wp\/wp-json\/wp\/v2\/types\/product"}],"replies":[{"embeddable":true,"href":"https:\/\/fleuriste-schiltigheim.fr\/wp\/wp-json\/wp\/v2\/comments?post=614"}],"wp:featuredmedia":[{"embeddable":true,"href":"https:\/\/fleuriste-schiltigheim.fr\/wp\/wp-json\/wp\/v2\/media\/627"}],"wp:attachment":[{"href":"https:\/\/fleuriste-schiltigheim.fr\/wp\/wp-json\/wp\/v2\/media?parent=614"}],"wp:term":[{"taxonomy":"product_brand","embeddable":true,"href":"https:\/\/fleuriste-schiltigheim.fr\/wp\/wp-json\/wp\/v2\/product_brand?post=614"},{"taxonomy":"product_cat","embeddable":true,"href":"https:\/\/fleuriste-schiltigheim.fr\/wp\/wp-json\/wp\/v2\/product_cat?post=614"},{"taxonomy":"product_tag","embeddable":true,"href":"https:\/\/fleuriste-schiltigheim.fr\/wp\/wp-json\/wp\/v2\/product_tag?post=614"}],"curies":[{"name":"wp","href":"https:\/\/api.w.org\/{rel}","templated":true}]}}