{"id":10303,"date":"2021-02-06T16:49:45","date_gmt":"2021-02-06T15:49:45","guid":{"rendered":"https:\/\/fleuriste-schiltigheim.fr\/wp\/?post_type=product&#038;p=10303"},"modified":"2021-02-06T18:41:13","modified_gmt":"2021-02-06T17:41:13","slug":"parfum-dinterieur-100-ml","status":"publish","type":"product","link":"https:\/\/fleuriste-schiltigheim.fr\/wp\/produit\/parfum-dinterieur-100-ml\/","title":{"rendered":"PARFUM D&rsquo;INTERIEUR &#8211; 100 ml"},"content":{"rendered":"<p><strong>\u2740 INGREDIENTS :<\/strong>\u00a0Alcohol denat, Aqua, Parfum (fragrance).<\/p>\n<p>\u2740\u00a0INSPIRATION : Avec son flacon spray en verre orn\u00e9 d\u2019\u00e9tiquettes au style sobre et \u00e9l\u00e9gant, notre Parfum d\u2019Int\u00e9rieur diffusera de mani\u00e8re ponctuelle son parfum dans votre int\u00e9rieur.<\/p>\n<p><strong>\u2740\u00a0PARFUM :<\/strong> Notre parfumeur Botaniste s\u00e9lectionne pour vous les meilleures plantes aromatiques et plantes \u00e0 parfum \u00e0 partir desquelles il cr\u00e9\u00e9 des senteurs authentiques aux notes intenses.<\/p>\n<p><strong>\u2740\u00a0FABRICATION :<\/strong> Nous apportons tout le soin n\u00e9cessaire \u00e0 la confection de nos Parfums d\u2019Int\u00e9rieur pour vous offrir des produits de qualit\u00e9, fabriqu\u00e9s en Provence.<\/p>\n<p>&nbsp;<\/p>\n<p><strong>\u2740\u00a0COMMENT BIEN UTILISER UN PARFUM D&rsquo;INTERIEUR ?<\/strong><\/p>\n<p>Le Parfum d\u2019Int\u00e9rieur permet de parfumer rapidement et intens\u00e9ment une pi\u00e8ce de mani\u00e8re ponctuelle. Pratique, il peut s\u2019utiliser dans toutes les pi\u00e8ces de la maison et \u00e0 tout moment.\u00a0Vaporisez une ou plusieurs pressions, selon les dimensions de la pi\u00e8ce et l&rsquo;intensit\u00e9 de parfum que vous recherchez.<\/p>\n<p>&nbsp;<\/p>\n<p><strong>\u2740\u00a0QUELS SONT LES RISQUES D&rsquo;UTILISATION D&rsquo;UN PARFUM D&rsquo;INTERIEUR ?<\/strong><\/p>\n<p>Nous vous conseillons de respecter toutes les consignes pr\u00e9sentes sur l\u2019\u00e9tiquette de notre produit.<\/p>\n","protected":false},"excerpt":{"rendered":"<p>Parfumez votre int\u00e9rieur avec le parfum de votre choix !<\/p>\n","protected":false},"featured_media":10304,"comment_status":"closed","ping_status":"closed","template":"","meta":[],"product_brand":[],"product_cat":[23],"product_tag":[],"class_list":{"0":"post-10303","1":"product","2":"type-product","3":"status-publish","4":"has-post-thumbnail","6":"product_cat-senteurs","8":"first","9":"instock","10":"taxable","11":"shipping-taxable","12":"purchasable","13":"product-type-variable"},"yoast_head":"<!-- This site is optimized with the Yoast SEO plugin v26.9 - https:\/\/yoast.com\/product\/yoast-seo-wordpress\/ -->\n<title>PARFUM D&#039;INTERIEUR - 100 ml - Une histoire une fleur<\/title>\n<meta name=\"robots\" content=\"index, follow, max-snippet:-1, max-image-preview:large, max-video-preview:-1\" \/>\n<link rel=\"canonical\" href=\"https:\/\/fleuriste-schiltigheim.fr\/wp\/produit\/parfum-dinterieur-100-ml\/\" \/>\n<meta property=\"og:locale\" content=\"fr_FR\" \/>\n<meta property=\"og:type\" content=\"article\" \/>\n<meta property=\"og:title\" content=\"PARFUM D&#039;INTERIEUR - 100 ml - Une histoire une fleur\" \/>\n<meta property=\"og:description\" content=\"Parfumez votre int\u00e9rieur avec le parfum de votre choix !\" \/>\n<meta property=\"og:url\" content=\"https:\/\/fleuriste-schiltigheim.fr\/wp\/produit\/parfum-dinterieur-100-ml\/\" \/>\n<meta property=\"og:site_name\" content=\"Une histoire une fleur\" \/>\n<meta property=\"article:modified_time\" content=\"2021-02-06T17:41:13+00:00\" \/>\n<meta property=\"og:image\" content=\"https:\/\/fleuriste-schiltigheim.fr\/wp\/wp-content\/uploads\/2021\/02\/PI_NDC.jpg\" \/>\n\t<meta property=\"og:image:width\" content=\"500\" \/>\n\t<meta property=\"og:image:height\" content=\"1010\" \/>\n\t<meta property=\"og:image:type\" content=\"image\/jpeg\" \/>\n<meta name=\"twitter:card\" content=\"summary_large_image\" \/>\n<meta name=\"twitter:label1\" content=\"Dur\u00e9e de lecture estim\u00e9e\" \/>\n\t<meta name=\"twitter:data1\" content=\"1 minute\" \/>\n<script type=\"application\/ld+json\" class=\"yoast-schema-graph\">{\"@context\":\"https:\/\/schema.org\",\"@graph\":[{\"@type\":\"WebPage\",\"@id\":\"https:\/\/fleuriste-schiltigheim.fr\/wp\/produit\/parfum-dinterieur-100-ml\/\",\"url\":\"https:\/\/fleuriste-schiltigheim.fr\/wp\/produit\/parfum-dinterieur-100-ml\/\",\"name\":\"PARFUM D'INTERIEUR - 100 ml - Une histoire une fleur\",\"isPartOf\":{\"@id\":\"https:\/\/fleuriste-schiltigheim.fr\/wp\/#website\"},\"primaryImageOfPage\":{\"@id\":\"https:\/\/fleuriste-schiltigheim.fr\/wp\/produit\/parfum-dinterieur-100-ml\/#primaryimage\"},\"image\":{\"@id\":\"https:\/\/fleuriste-schiltigheim.fr\/wp\/produit\/parfum-dinterieur-100-ml\/#primaryimage\"},\"thumbnailUrl\":\"https:\/\/fleuriste-schiltigheim.fr\/wp\/wp-content\/uploads\/2021\/02\/PI_NDC.jpg\",\"datePublished\":\"2021-02-06T15:49:45+00:00\",\"dateModified\":\"2021-02-06T17:41:13+00:00\",\"breadcrumb\":{\"@id\":\"https:\/\/fleuriste-schiltigheim.fr\/wp\/produit\/parfum-dinterieur-100-ml\/#breadcrumb\"},\"inLanguage\":\"fr-FR\",\"potentialAction\":[{\"@type\":\"ReadAction\",\"target\":[\"https:\/\/fleuriste-schiltigheim.fr\/wp\/produit\/parfum-dinterieur-100-ml\/\"]}]},{\"@type\":\"ImageObject\",\"inLanguage\":\"fr-FR\",\"@id\":\"https:\/\/fleuriste-schiltigheim.fr\/wp\/produit\/parfum-dinterieur-100-ml\/#primaryimage\",\"url\":\"https:\/\/fleuriste-schiltigheim.fr\/wp\/wp-content\/uploads\/2021\/02\/PI_NDC.jpg\",\"contentUrl\":\"https:\/\/fleuriste-schiltigheim.fr\/wp\/wp-content\/uploads\/2021\/02\/PI_NDC.jpg\",\"width\":500,\"height\":1010},{\"@type\":\"BreadcrumbList\",\"@id\":\"https:\/\/fleuriste-schiltigheim.fr\/wp\/produit\/parfum-dinterieur-100-ml\/#breadcrumb\",\"itemListElement\":[{\"@type\":\"ListItem\",\"position\":1,\"name\":\"Accueil\",\"item\":\"https:\/\/fleuriste-schiltigheim.fr\/wp\/\"},{\"@type\":\"ListItem\",\"position\":2,\"name\":\"Boutique\",\"item\":\"https:\/\/fleuriste-schiltigheim.fr\/wp\/boutique\/\"},{\"@type\":\"ListItem\",\"position\":3,\"name\":\"PARFUM D&#8217;INTERIEUR &#8211; 100 ml\"}]},{\"@type\":\"WebSite\",\"@id\":\"https:\/\/fleuriste-schiltigheim.fr\/wp\/#website\",\"url\":\"https:\/\/fleuriste-schiltigheim.fr\/wp\/\",\"name\":\"Une histoire une fleur\",\"description\":\"\",\"potentialAction\":[{\"@type\":\"SearchAction\",\"target\":{\"@type\":\"EntryPoint\",\"urlTemplate\":\"https:\/\/fleuriste-schiltigheim.fr\/wp\/?s={search_term_string}\"},\"query-input\":{\"@type\":\"PropertyValueSpecification\",\"valueRequired\":true,\"valueName\":\"search_term_string\"}}],\"inLanguage\":\"fr-FR\"}]}<\/script>\n<!-- \/ Yoast SEO plugin. -->","yoast_head_json":{"title":"PARFUM D'INTERIEUR - 100 ml - Une histoire une fleur","robots":{"index":"index","follow":"follow","max-snippet":"max-snippet:-1","max-image-preview":"max-image-preview:large","max-video-preview":"max-video-preview:-1"},"canonical":"https:\/\/fleuriste-schiltigheim.fr\/wp\/produit\/parfum-dinterieur-100-ml\/","og_locale":"fr_FR","og_type":"article","og_title":"PARFUM D'INTERIEUR - 100 ml - Une histoire une fleur","og_description":"Parfumez votre int\u00e9rieur avec le parfum de votre choix !","og_url":"https:\/\/fleuriste-schiltigheim.fr\/wp\/produit\/parfum-dinterieur-100-ml\/","og_site_name":"Une histoire une fleur","article_modified_time":"2021-02-06T17:41:13+00:00","og_image":[{"width":500,"height":1010,"url":"https:\/\/fleuriste-schiltigheim.fr\/wp\/wp-content\/uploads\/2021\/02\/PI_NDC.jpg","type":"image\/jpeg"}],"twitter_card":"summary_large_image","twitter_misc":{"Dur\u00e9e de lecture estim\u00e9e":"1 minute"},"schema":{"@context":"https:\/\/schema.org","@graph":[{"@type":"WebPage","@id":"https:\/\/fleuriste-schiltigheim.fr\/wp\/produit\/parfum-dinterieur-100-ml\/","url":"https:\/\/fleuriste-schiltigheim.fr\/wp\/produit\/parfum-dinterieur-100-ml\/","name":"PARFUM D'INTERIEUR - 100 ml - Une histoire une fleur","isPartOf":{"@id":"https:\/\/fleuriste-schiltigheim.fr\/wp\/#website"},"primaryImageOfPage":{"@id":"https:\/\/fleuriste-schiltigheim.fr\/wp\/produit\/parfum-dinterieur-100-ml\/#primaryimage"},"image":{"@id":"https:\/\/fleuriste-schiltigheim.fr\/wp\/produit\/parfum-dinterieur-100-ml\/#primaryimage"},"thumbnailUrl":"https:\/\/fleuriste-schiltigheim.fr\/wp\/wp-content\/uploads\/2021\/02\/PI_NDC.jpg","datePublished":"2021-02-06T15:49:45+00:00","dateModified":"2021-02-06T17:41:13+00:00","breadcrumb":{"@id":"https:\/\/fleuriste-schiltigheim.fr\/wp\/produit\/parfum-dinterieur-100-ml\/#breadcrumb"},"inLanguage":"fr-FR","potentialAction":[{"@type":"ReadAction","target":["https:\/\/fleuriste-schiltigheim.fr\/wp\/produit\/parfum-dinterieur-100-ml\/"]}]},{"@type":"ImageObject","inLanguage":"fr-FR","@id":"https:\/\/fleuriste-schiltigheim.fr\/wp\/produit\/parfum-dinterieur-100-ml\/#primaryimage","url":"https:\/\/fleuriste-schiltigheim.fr\/wp\/wp-content\/uploads\/2021\/02\/PI_NDC.jpg","contentUrl":"https:\/\/fleuriste-schiltigheim.fr\/wp\/wp-content\/uploads\/2021\/02\/PI_NDC.jpg","width":500,"height":1010},{"@type":"BreadcrumbList","@id":"https:\/\/fleuriste-schiltigheim.fr\/wp\/produit\/parfum-dinterieur-100-ml\/#breadcrumb","itemListElement":[{"@type":"ListItem","position":1,"name":"Accueil","item":"https:\/\/fleuriste-schiltigheim.fr\/wp\/"},{"@type":"ListItem","position":2,"name":"Boutique","item":"https:\/\/fleuriste-schiltigheim.fr\/wp\/boutique\/"},{"@type":"ListItem","position":3,"name":"PARFUM D&#8217;INTERIEUR &#8211; 100 ml"}]},{"@type":"WebSite","@id":"https:\/\/fleuriste-schiltigheim.fr\/wp\/#website","url":"https:\/\/fleuriste-schiltigheim.fr\/wp\/","name":"Une histoire une fleur","description":"","potentialAction":[{"@type":"SearchAction","target":{"@type":"EntryPoint","urlTemplate":"https:\/\/fleuriste-schiltigheim.fr\/wp\/?s={search_term_string}"},"query-input":{"@type":"PropertyValueSpecification","valueRequired":true,"valueName":"search_term_string"}}],"inLanguage":"fr-FR"}]}},"_links":{"self":[{"href":"https:\/\/fleuriste-schiltigheim.fr\/wp\/wp-json\/wp\/v2\/product\/10303","targetHints":{"allow":["GET"]}}],"collection":[{"href":"https:\/\/fleuriste-schiltigheim.fr\/wp\/wp-json\/wp\/v2\/product"}],"about":[{"href":"https:\/\/fleuriste-schiltigheim.fr\/wp\/wp-json\/wp\/v2\/types\/product"}],"replies":[{"embeddable":true,"href":"https:\/\/fleuriste-schiltigheim.fr\/wp\/wp-json\/wp\/v2\/comments?post=10303"}],"wp:featuredmedia":[{"embeddable":true,"href":"https:\/\/fleuriste-schiltigheim.fr\/wp\/wp-json\/wp\/v2\/media\/10304"}],"wp:attachment":[{"href":"https:\/\/fleuriste-schiltigheim.fr\/wp\/wp-json\/wp\/v2\/media?parent=10303"}],"wp:term":[{"taxonomy":"product_brand","embeddable":true,"href":"https:\/\/fleuriste-schiltigheim.fr\/wp\/wp-json\/wp\/v2\/product_brand?post=10303"},{"taxonomy":"product_cat","embeddable":true,"href":"https:\/\/fleuriste-schiltigheim.fr\/wp\/wp-json\/wp\/v2\/product_cat?post=10303"},{"taxonomy":"product_tag","embeddable":true,"href":"https:\/\/fleuriste-schiltigheim.fr\/wp\/wp-json\/wp\/v2\/product_tag?post=10303"}],"curies":[{"name":"wp","href":"https:\/\/api.w.org\/{rel}","templated":true}]}}