{"id":357,"date":"2018-01-10T18:50:54","date_gmt":"2018-01-10T18:50:54","guid":{"rendered":"https:\/\/fleuriste-schiltigheim.fr\/wp\/?page_id=357"},"modified":"2019-01-19T13:18:17","modified_gmt":"2019-01-19T13:18:17","slug":"cours-dart-floral","status":"publish","type":"page","link":"https:\/\/fleuriste-schiltigheim.fr\/wp\/cours-dart-floral\/","title":{"rendered":"Cours d&rsquo;art Floral"},"content":{"rendered":"<div class=\"wpb-content-wrapper\"><p>[vc_row][vc_column width=\u00a0\u00bb1\/3&Prime;][vc_single_image image=\u00a0\u00bb222&Prime; img_size=\u00a0\u00bbfull\u00a0\u00bb][\/vc_column][vc_column width=\u00a0\u00bb2\/3&Prime;][vc_empty_space height=\u00a0\u00bb16px\u00a0\u00bb][vc_column_text]Une histoire une fleur vous offre la possibilit\u00e9 de d\u00e9couvrir les astuces des fleuristes lors des ateliers d&rsquo;initiation \u00e0 l&rsquo;art floral.<\/p>\n<p>Ils s&rsquo;adressent aux adultes et aux enfants, d\u00e9butants ou exp\u00e9riment\u00e9s.<\/p>\n<p>Le mat\u00e9riel et les fleurs sont fournis et vous repartez avec vos compositions !<\/p>\n<p>Le programme des ateliers est disponible sur le site internet dans la page actualit\u00e9s, sur <a href=\"https:\/\/www.facebook.com\/unehistoireunefleur\/\" target=\"_blank\" rel=\"noopener\">notre page Facebook<\/a>, et affich\u00e9 en boutique \u00e0 Schiltigheim 130 route de Bischwiller.[\/vc_column_text][\/vc_column][\/vc_row][vc_row][vc_column][vc_empty_space][vc_gallery type=\u00a0\u00bbimage_grid\u00a0\u00bb images=\u00a0\u00bb1151,1152,1153,1154,1155&Prime;][\/vc_column][\/vc_row][vc_row][vc_column][vc_empty_space][vc_column_text]<strong>Co\u00fbt:\u00a0<\/strong>de 20\u20ac \u00e0 45\u20ac par s\u00e9ance selon le cours<\/p>\n<p><strong>Dur\u00e9e: <\/strong>de 1h \u00e0 2h, nombre de places limit\u00e9es.<\/p>\n<p>Fleurs, feuillages et mat\u00e9riel compris[\/vc_column_text][\/vc_column][\/vc_row][vc_row][vc_column][vc_empty_space][vc_gallery type=\u00a0\u00bbimage_grid\u00a0\u00bb images=\u00a0\u00bb1156,1157,1158,1159,1160&Prime;][\/vc_column][\/vc_row][vc_row][vc_column][vc_empty_space][vc_column_text]Nous proposons \u00e9galement de personnaliser les ateliers sur demande pour des occasions telles que des anniversaires, des EVJF, des comit\u00e9s d\u2019entreprises, ou simplement un agr\u00e9able moment entre ami(e)s.<\/p>\n<p>Nous pouvons nous d\u00e9placer chez vous ou dans vos locaux avec tout le mat\u00e9riel n\u00e9cessaire pour animer l\u2019atelier.[\/vc_column_text][vc_empty_space][\/vc_column][\/vc_row]<\/p>\n<\/div>","protected":false},"excerpt":{"rendered":"<p>[vc_row][vc_column width=\u00a0\u00bb1\/3&Prime;][vc_single_image image=\u00a0\u00bb222&Prime; img_size=\u00a0\u00bbfull\u00a0\u00bb][\/vc_column][vc_column width=\u00a0\u00bb2\/3&Prime;][vc_empty_space height=\u00a0\u00bb16px\u00a0\u00bb][vc_column_text]Une histoire une fleur vous offre la possibilit\u00e9 de d\u00e9couvrir les astuces des fleuristes lors des ateliers d&rsquo;initiation \u00e0 l&rsquo;art floral. Ils s&rsquo;adressent aux adultes et aux enfants, d\u00e9butants ou exp\u00e9riment\u00e9s. Le mat\u00e9riel et les fleurs sont fournis et vous repartez avec vos compositions ! Le programme des ateliers est [&hellip;]<\/p>\n","protected":false},"author":4,"featured_media":0,"parent":0,"menu_order":0,"comment_status":"closed","ping_status":"closed","template":"","meta":{"footnotes":""},"class_list":["post-357","page","type-page","status-publish","hentry"],"yoast_head":"<!-- This site is optimized with the Yoast SEO plugin v26.9 - https:\/\/yoast.com\/product\/yoast-seo-wordpress\/ -->\n<title>Cours d&#039;art Floral - Une histoire une fleur<\/title>\n<meta name=\"robots\" content=\"index, follow, max-snippet:-1, max-image-preview:large, max-video-preview:-1\" \/>\n<link rel=\"canonical\" href=\"https:\/\/fleuriste-schiltigheim.fr\/wp\/cours-dart-floral\/\" \/>\n<meta property=\"og:locale\" content=\"fr_FR\" \/>\n<meta property=\"og:type\" content=\"article\" \/>\n<meta property=\"og:title\" content=\"Cours d&#039;art Floral - Une histoire une fleur\" \/>\n<meta property=\"og:description\" content=\"[vc_row][vc_column width=\u00a0\u00bb1\/3&Prime;][vc_single_image image=\u00a0\u00bb222&Prime; img_size=\u00a0\u00bbfull\u00a0\u00bb][\/vc_column][vc_column width=\u00a0\u00bb2\/3&Prime;][vc_empty_space height=\u00a0\u00bb16px\u00a0\u00bb][vc_column_text]Une histoire une fleur vous offre la possibilit\u00e9 de d\u00e9couvrir les astuces des fleuristes lors des ateliers d&rsquo;initiation \u00e0 l&rsquo;art floral. Ils s&rsquo;adressent aux adultes et aux enfants, d\u00e9butants ou exp\u00e9riment\u00e9s. Le mat\u00e9riel et les fleurs sont fournis et vous repartez avec vos compositions ! Le programme des ateliers est [&hellip;]\" \/>\n<meta property=\"og:url\" content=\"https:\/\/fleuriste-schiltigheim.fr\/wp\/cours-dart-floral\/\" \/>\n<meta property=\"og:site_name\" content=\"Une histoire une fleur\" \/>\n<meta property=\"article:modified_time\" content=\"2019-01-19T13:18:17+00:00\" \/>\n<meta name=\"twitter:card\" content=\"summary_large_image\" \/>\n<meta name=\"twitter:label1\" content=\"Dur\u00e9e de lecture estim\u00e9e\" \/>\n\t<meta name=\"twitter:data1\" content=\"1 minute\" \/>\n<script type=\"application\/ld+json\" class=\"yoast-schema-graph\">{\"@context\":\"https:\/\/schema.org\",\"@graph\":[{\"@type\":\"WebPage\",\"@id\":\"https:\/\/fleuriste-schiltigheim.fr\/wp\/cours-dart-floral\/\",\"url\":\"https:\/\/fleuriste-schiltigheim.fr\/wp\/cours-dart-floral\/\",\"name\":\"Cours d'art Floral - Une histoire une fleur\",\"isPartOf\":{\"@id\":\"https:\/\/fleuriste-schiltigheim.fr\/wp\/#website\"},\"datePublished\":\"2018-01-10T18:50:54+00:00\",\"dateModified\":\"2019-01-19T13:18:17+00:00\",\"breadcrumb\":{\"@id\":\"https:\/\/fleuriste-schiltigheim.fr\/wp\/cours-dart-floral\/#breadcrumb\"},\"inLanguage\":\"fr-FR\",\"potentialAction\":[{\"@type\":\"ReadAction\",\"target\":[\"https:\/\/fleuriste-schiltigheim.fr\/wp\/cours-dart-floral\/\"]}]},{\"@type\":\"BreadcrumbList\",\"@id\":\"https:\/\/fleuriste-schiltigheim.fr\/wp\/cours-dart-floral\/#breadcrumb\",\"itemListElement\":[{\"@type\":\"ListItem\",\"position\":1,\"name\":\"Accueil\",\"item\":\"https:\/\/fleuriste-schiltigheim.fr\/wp\/\"},{\"@type\":\"ListItem\",\"position\":2,\"name\":\"Cours d&#8217;art Floral\"}]},{\"@type\":\"WebSite\",\"@id\":\"https:\/\/fleuriste-schiltigheim.fr\/wp\/#website\",\"url\":\"https:\/\/fleuriste-schiltigheim.fr\/wp\/\",\"name\":\"Une histoire une fleur\",\"description\":\"\",\"potentialAction\":[{\"@type\":\"SearchAction\",\"target\":{\"@type\":\"EntryPoint\",\"urlTemplate\":\"https:\/\/fleuriste-schiltigheim.fr\/wp\/?s={search_term_string}\"},\"query-input\":{\"@type\":\"PropertyValueSpecification\",\"valueRequired\":true,\"valueName\":\"search_term_string\"}}],\"inLanguage\":\"fr-FR\"}]}<\/script>\n<!-- \/ Yoast SEO plugin. -->","yoast_head_json":{"title":"Cours d'art Floral - Une histoire une fleur","robots":{"index":"index","follow":"follow","max-snippet":"max-snippet:-1","max-image-preview":"max-image-preview:large","max-video-preview":"max-video-preview:-1"},"canonical":"https:\/\/fleuriste-schiltigheim.fr\/wp\/cours-dart-floral\/","og_locale":"fr_FR","og_type":"article","og_title":"Cours d'art Floral - Une histoire une fleur","og_description":"[vc_row][vc_column width=\u00a0\u00bb1\/3&Prime;][vc_single_image image=\u00a0\u00bb222&Prime; img_size=\u00a0\u00bbfull\u00a0\u00bb][\/vc_column][vc_column width=\u00a0\u00bb2\/3&Prime;][vc_empty_space height=\u00a0\u00bb16px\u00a0\u00bb][vc_column_text]Une histoire une fleur vous offre la possibilit\u00e9 de d\u00e9couvrir les astuces des fleuristes lors des ateliers d&rsquo;initiation \u00e0 l&rsquo;art floral. Ils s&rsquo;adressent aux adultes et aux enfants, d\u00e9butants ou exp\u00e9riment\u00e9s. Le mat\u00e9riel et les fleurs sont fournis et vous repartez avec vos compositions ! Le programme des ateliers est [&hellip;]","og_url":"https:\/\/fleuriste-schiltigheim.fr\/wp\/cours-dart-floral\/","og_site_name":"Une histoire une fleur","article_modified_time":"2019-01-19T13:18:17+00:00","twitter_card":"summary_large_image","twitter_misc":{"Dur\u00e9e de lecture estim\u00e9e":"1 minute"},"schema":{"@context":"https:\/\/schema.org","@graph":[{"@type":"WebPage","@id":"https:\/\/fleuriste-schiltigheim.fr\/wp\/cours-dart-floral\/","url":"https:\/\/fleuriste-schiltigheim.fr\/wp\/cours-dart-floral\/","name":"Cours d'art Floral - Une histoire une fleur","isPartOf":{"@id":"https:\/\/fleuriste-schiltigheim.fr\/wp\/#website"},"datePublished":"2018-01-10T18:50:54+00:00","dateModified":"2019-01-19T13:18:17+00:00","breadcrumb":{"@id":"https:\/\/fleuriste-schiltigheim.fr\/wp\/cours-dart-floral\/#breadcrumb"},"inLanguage":"fr-FR","potentialAction":[{"@type":"ReadAction","target":["https:\/\/fleuriste-schiltigheim.fr\/wp\/cours-dart-floral\/"]}]},{"@type":"BreadcrumbList","@id":"https:\/\/fleuriste-schiltigheim.fr\/wp\/cours-dart-floral\/#breadcrumb","itemListElement":[{"@type":"ListItem","position":1,"name":"Accueil","item":"https:\/\/fleuriste-schiltigheim.fr\/wp\/"},{"@type":"ListItem","position":2,"name":"Cours d&#8217;art Floral"}]},{"@type":"WebSite","@id":"https:\/\/fleuriste-schiltigheim.fr\/wp\/#website","url":"https:\/\/fleuriste-schiltigheim.fr\/wp\/","name":"Une histoire une fleur","description":"","potentialAction":[{"@type":"SearchAction","target":{"@type":"EntryPoint","urlTemplate":"https:\/\/fleuriste-schiltigheim.fr\/wp\/?s={search_term_string}"},"query-input":{"@type":"PropertyValueSpecification","valueRequired":true,"valueName":"search_term_string"}}],"inLanguage":"fr-FR"}]}},"_links":{"self":[{"href":"https:\/\/fleuriste-schiltigheim.fr\/wp\/wp-json\/wp\/v2\/pages\/357","targetHints":{"allow":["GET"]}}],"collection":[{"href":"https:\/\/fleuriste-schiltigheim.fr\/wp\/wp-json\/wp\/v2\/pages"}],"about":[{"href":"https:\/\/fleuriste-schiltigheim.fr\/wp\/wp-json\/wp\/v2\/types\/page"}],"author":[{"embeddable":true,"href":"https:\/\/fleuriste-schiltigheim.fr\/wp\/wp-json\/wp\/v2\/users\/4"}],"replies":[{"embeddable":true,"href":"https:\/\/fleuriste-schiltigheim.fr\/wp\/wp-json\/wp\/v2\/comments?post=357"}],"version-history":[{"count":12,"href":"https:\/\/fleuriste-schiltigheim.fr\/wp\/wp-json\/wp\/v2\/pages\/357\/revisions"}],"predecessor-version":[{"id":1212,"href":"https:\/\/fleuriste-schiltigheim.fr\/wp\/wp-json\/wp\/v2\/pages\/357\/revisions\/1212"}],"wp:attachment":[{"href":"https:\/\/fleuriste-schiltigheim.fr\/wp\/wp-json\/wp\/v2\/media?parent=357"}],"curies":[{"name":"wp","href":"https:\/\/api.w.org\/{rel}","templated":true}]}}